{"id":31,"date":"2025-10-13T15:14:02","date_gmt":"2025-10-13T15:14:02","guid":{"rendered":"https:\/\/zary.pttk.pl\/?page_id=31"},"modified":"2026-03-25T21:40:51","modified_gmt":"2026-03-25T21:40:51","slug":"kola-pttk","status":"publish","type":"page","link":"https:\/\/zary.pttk.pl\/?page_id=31","title":{"rendered":"Ko\u0142a i Kluby PTTK"},"content":{"rendered":"<p>&nbsp;<\/p>\n<h4><img loading=\"lazy\" decoding=\"async\" class=\"wp-image-224 alignleft\" src=\"https:\/\/zary.pttk.pl\/wp-content\/uploads\/2025\/10\/309554611_459133779582784_6137245052527076037_n.png\" alt=\"\" width=\"60\" height=\"60\" srcset=\"https:\/\/zary.pttk.pl\/wp-content\/uploads\/2025\/10\/309554611_459133779582784_6137245052527076037_n.png 180w, https:\/\/zary.pttk.pl\/wp-content\/uploads\/2025\/10\/309554611_459133779582784_6137245052527076037_n-150x150.png 150w\" sizes=\"auto, (max-width: 60px) 100vw, 60px\" \/> <a href=\"https:\/\/laziki.zary.pttk.pl\/\"><span style=\"color: #339966;\"><strong>Ko\u0142o PTTK &#8222;\u0141aziki&#8221; im. Klimka Bachledy w \u017barach<\/strong><\/span><\/a><\/h4>\n<p>&nbsp;<\/p>\n<h4><img loading=\"lazy\" decoding=\"async\" class=\"wp-image-222 alignleft\" src=\"https:\/\/zary.pttk.pl\/wp-content\/uploads\/2025\/10\/Rys.jpeg\" alt=\"\" width=\"53\" height=\"53\" srcset=\"https:\/\/zary.pttk.pl\/wp-content\/uploads\/2025\/10\/Rys.jpeg 200w, https:\/\/zary.pttk.pl\/wp-content\/uploads\/2025\/10\/Rys-150x150.jpeg 150w\" sizes=\"auto, (max-width: 53px) 100vw, 53px\" \/>\u00a0<a href=\"https:\/\/pttkrys.wordpress.com\/\"><span style=\"color: #339966;\"><strong> Klub Turystyki Aktywnej PTTK &#8222;Ry\u015b&#8221; w \u017barach<\/strong><\/span><\/a><\/h4>\n<p>&nbsp;<\/p>\n<h4><span style=\"color: #339966;\">\u00a0 \u00a0 \u00a0 \u00a0 \u00a0 \u00a0 \u00a0 \u00a0 \u00a0 Ko\u0142o PTTK &#8222;W\u0142\u00f3cz\u0119ga&#8221; w Jasieniu<\/span><\/h4>\n<p>&nbsp;<\/p>\n","protected":false},"excerpt":{"rendered":"<p>&nbsp; Ko\u0142o PTTK &#8222;\u0141aziki&#8221; im. Klimka Bachledy w \u017barach &nbsp; \u00a0 Klub Turystyki Aktywnej PTTK &#8222;Ry\u015b&#8221; w \u017barach &nbsp; \u00a0 \u00a0 \u00a0 \u00a0 \u00a0 \u00a0 \u00a0 \u00a0 \u00a0 Ko\u0142o PTTK &#8222;W\u0142\u00f3cz\u0119ga&#8221; w Jasieniu &nbsp;<\/p>\n","protected":false},"author":1,"featured_media":0,"parent":0,"menu_order":0,"comment_status":"closed","ping_status":"closed","template":"","meta":{"footnotes":""},"class_list":["post-31","page","type-page","status-publish","hentry"],"_links":{"self":[{"href":"https:\/\/zary.pttk.pl\/index.php?rest_route=\/wp\/v2\/pages\/31","targetHints":{"allow":["GET"]}}],"collection":[{"href":"https:\/\/zary.pttk.pl\/index.php?rest_route=\/wp\/v2\/pages"}],"about":[{"href":"https:\/\/zary.pttk.pl\/index.php?rest_route=\/wp\/v2\/types\/page"}],"author":[{"embeddable":true,"href":"https:\/\/zary.pttk.pl\/index.php?rest_route=\/wp\/v2\/users\/1"}],"replies":[{"embeddable":true,"href":"https:\/\/zary.pttk.pl\/index.php?rest_route=%2Fwp%2Fv2%2Fcomments&post=31"}],"version-history":[{"count":6,"href":"https:\/\/zary.pttk.pl\/index.php?rest_route=\/wp\/v2\/pages\/31\/revisions"}],"predecessor-version":[{"id":352,"href":"https:\/\/zary.pttk.pl\/index.php?rest_route=\/wp\/v2\/pages\/31\/revisions\/352"}],"wp:attachment":[{"href":"https:\/\/zary.pttk.pl\/index.php?rest_route=%2Fwp%2Fv2%2Fmedia&parent=31"}],"curies":[{"name":"wp","href":"https:\/\/api.w.org\/{rel}","templated":true}]}}