{"id":24,"date":"2025-10-13T15:11:32","date_gmt":"2025-10-13T15:11:32","guid":{"rendered":"https:\/\/zary.pttk.pl\/?page_id=24"},"modified":"2025-12-07T18:17:14","modified_gmt":"2025-12-07T18:17:14","slug":"czlonkostwo","status":"publish","type":"page","link":"https:\/\/zary.pttk.pl\/?page_id=24","title":{"rendered":"Cz\u0142onkostwo i sk\u0142adki"},"content":{"rendered":"<p>&nbsp;<\/p>\n<p><img loading=\"lazy\" decoding=\"async\" class=\"wp-image-55 aligncenter\" src=\"https:\/\/zary.pttk.pl\/wp-content\/uploads\/2025\/10\/istockphoto-1359932120-612x612-1-300x300.jpg\" alt=\"\" width=\"152\" height=\"152\" srcset=\"https:\/\/zary.pttk.pl\/wp-content\/uploads\/2025\/10\/istockphoto-1359932120-612x612-1-300x300.jpg 300w, https:\/\/zary.pttk.pl\/wp-content\/uploads\/2025\/10\/istockphoto-1359932120-612x612-1-150x150.jpg 150w, https:\/\/zary.pttk.pl\/wp-content\/uploads\/2025\/10\/istockphoto-1359932120-612x612-1.jpg 612w\" sizes=\"auto, (max-width: 152px) 100vw, 152px\" \/><\/p>\n<h3 style=\"text-align: center;\"><a href=\"http:\/\/zary.pttk.pl\/Dokumenty\/czlonkostwo\/deklaracja.pdf\"><strong>Deklaracja Cz\u0142onkowska<\/strong><\/a><\/h3>\n<h3 style=\"text-align: center;\"><a href=\"http:\/\/zary.pttk.pl\/Dokumenty\/czlonkostwo\/zgoda.pdf\"><strong>Zgoda na przetwarzanie danych osobowych<\/strong><\/a><\/h3>\n<h3 style=\"text-align: center;\"><a href=\"http:\/\/zary.pttk.pl\/Dokumenty\/czlonkostwo\/skladki.pdf\"><strong>Sk\u0142adki cz\u0142onkowskie na 2026 r.<\/strong><\/a><\/h3>\n<h3 style=\"text-align: center;\"><a href=\"http:\/\/zary.pttk.pl\/Dokumenty\/czlonkostwo\/zapotrzebowanie.xls\">Zapotrzebowanie<\/a><\/h3>\n","protected":false},"excerpt":{"rendered":"<p>&nbsp; Deklaracja Cz\u0142onkowska Zgoda na przetwarzanie danych osobowych Sk\u0142adki cz\u0142onkowskie na 2026 r. Zapotrzebowanie<\/p>\n","protected":false},"author":1,"featured_media":0,"parent":0,"menu_order":0,"comment_status":"closed","ping_status":"closed","template":"","meta":{"footnotes":""},"class_list":["post-24","page","type-page","status-publish","hentry"],"_links":{"self":[{"href":"https:\/\/zary.pttk.pl\/index.php?rest_route=\/wp\/v2\/pages\/24","targetHints":{"allow":["GET"]}}],"collection":[{"href":"https:\/\/zary.pttk.pl\/index.php?rest_route=\/wp\/v2\/pages"}],"about":[{"href":"https:\/\/zary.pttk.pl\/index.php?rest_route=\/wp\/v2\/types\/page"}],"author":[{"embeddable":true,"href":"https:\/\/zary.pttk.pl\/index.php?rest_route=\/wp\/v2\/users\/1"}],"replies":[{"embeddable":true,"href":"https:\/\/zary.pttk.pl\/index.php?rest_route=%2Fwp%2Fv2%2Fcomments&post=24"}],"version-history":[{"count":11,"href":"https:\/\/zary.pttk.pl\/index.php?rest_route=\/wp\/v2\/pages\/24\/revisions"}],"predecessor-version":[{"id":296,"href":"https:\/\/zary.pttk.pl\/index.php?rest_route=\/wp\/v2\/pages\/24\/revisions\/296"}],"wp:attachment":[{"href":"https:\/\/zary.pttk.pl\/index.php?rest_route=%2Fwp%2Fv2%2Fmedia&parent=24"}],"curies":[{"name":"wp","href":"https:\/\/api.w.org\/{rel}","templated":true}]}}