{"id":18,"date":"2025-10-13T15:08:33","date_gmt":"2025-10-13T15:08:33","guid":{"rendered":"https:\/\/zary.pttk.pl\/?page_id=18"},"modified":"2025-10-14T06:42:49","modified_gmt":"2025-10-14T06:42:49","slug":"kontakt","status":"publish","type":"page","link":"https:\/\/zary.pttk.pl\/?page_id=18","title":{"rendered":"Kontakt"},"content":{"rendered":"<p style=\"text-align: center;\"><em><span style=\"color: #339966;\"><strong><img loading=\"lazy\" decoding=\"async\" class=\"wp-image-70 aligncenter\" src=\"https:\/\/zary.pttk.pl\/wp-content\/uploads\/2025\/10\/piktogram-na-drzwi-poczta-240x300.jpg\" alt=\"\" width=\"105\" height=\"131\" srcset=\"https:\/\/zary.pttk.pl\/wp-content\/uploads\/2025\/10\/piktogram-na-drzwi-poczta-240x300.jpg 240w, https:\/\/zary.pttk.pl\/wp-content\/uploads\/2025\/10\/piktogram-na-drzwi-poczta-819x1024.jpg 819w, https:\/\/zary.pttk.pl\/wp-content\/uploads\/2025\/10\/piktogram-na-drzwi-poczta-768x960.jpg 768w, https:\/\/zary.pttk.pl\/wp-content\/uploads\/2025\/10\/piktogram-na-drzwi-poczta-640x800.jpg 640w, https:\/\/zary.pttk.pl\/wp-content\/uploads\/2025\/10\/piktogram-na-drzwi-poczta.jpg 850w\" sizes=\"auto, (max-width: 105px) 100vw, 105px\" \/><\/strong><\/span><\/em><\/p>\n<h3 style=\"text-align: center;\"><em><span style=\"color: #339966;\"><strong>POLSKIE TOWARZYSTWO TURYSTYCZNO-KRAJOZNAWCZE<\/strong><\/span><\/em><br \/>\n<em><span style=\"color: #339966;\"><strong>ODDZIA\u0141 POWIATU \u017bARSKIEGO W \u017bARACH<\/strong><\/span><\/em><\/h3>\n<h2><\/h2>\n<h3 style=\"text-align: center;\"><span style=\"color: #000000;\"><strong>Adres: pl. kard. St. Wyszy\u0144skiego 11, 68-200 \u017bary<\/strong><\/span><\/h3>\n<p style=\"text-align: center;\"><strong>Biuro Zarz\u0105du Oddzia\u0142u czynne we wtorki i czwartki w godz. 12-14<\/strong><br \/>\n<strong>Telefon: +48 606 831 632 <\/strong><\/p>\n<p style=\"text-align: center;\"><strong>Adres e-maill: poczta@zary.pttk.pl<\/strong><br \/>\n<strong>Adres strony www:\u00a0<a id=\"LPlnk933812\" title=\"https:\/\/zary.pttk.pl\" href=\"https:\/\/zary.pttk.pl\/\" data-auth=\"NotApplicable\" data-linkindex=\"0\" data-ogsc=\"\">https:\/\/zary.pttk.pl<br \/>\n<\/a>Adres fb: PTTK \u017bary<\/strong><\/p>\n<p>&nbsp;<\/p>\n<p style=\"text-align: center;\"><strong>BANK BNP PARIBAS O\/\u017bary\u00a0<\/strong><br \/>\n<strong>Nr konta: <span style=\"color: #0000ff;\">67 2030 0045 1110 0000 0267 2510<\/span><\/strong><\/p>\n<p style=\"text-align: center;\"><strong>Nr KRS\u00a0 \u00a0 \u00a0 \u00a0 \u00a0 \u00a0 \u00a0Nr REGON\u00a0 \u00a0 \u00a0 \u00a0 \u00a0 \u00a0 \u00a0 Nr NIP<\/strong><br \/>\n80062\u00a0 \u00a0 \u00a0 \u00a0 \u00a0 \u00a0 \u00a0 970411752\u00a0 \u00a0 \u00a0 \u00a0 \u00a0 \u00a0 928 1503 452<\/p>\n","protected":false},"excerpt":{"rendered":"<p>POLSKIE TOWARZYSTWO TURYSTYCZNO-KRAJOZNAWCZE ODDZIA\u0141 POWIATU \u017bARSKIEGO W \u017bARACH Adres: pl. kard. St. Wyszy\u0144skiego 11, 68-200 \u017bary Biuro Zarz\u0105du Oddzia\u0142u czynne we wtorki i czwartki w godz. 12-14 Telefon: +48 606 831 632 Adres e-maill: poczta@zary.pttk.pl Adres strony www:\u00a0https:\/\/zary.pttk.pl Adres fb: PTTK \u017bary &nbsp; BANK BNP&#8230;<\/p>\n<div class=\"easywp-readmore\"><a class=\"read-more-link\" href=\"https:\/\/zary.pttk.pl\/?page_id=18\">Continue Reading&#8230;<span class=\"easywp-sr-only\">  Kontakt<\/span><\/a><\/div>\n","protected":false},"author":1,"featured_media":0,"parent":0,"menu_order":0,"comment_status":"closed","ping_status":"closed","template":"","meta":{"footnotes":""},"class_list":["post-18","page","type-page","status-publish","hentry"],"_links":{"self":[{"href":"https:\/\/zary.pttk.pl\/index.php?rest_route=\/wp\/v2\/pages\/18","targetHints":{"allow":["GET"]}}],"collection":[{"href":"https:\/\/zary.pttk.pl\/index.php?rest_route=\/wp\/v2\/pages"}],"about":[{"href":"https:\/\/zary.pttk.pl\/index.php?rest_route=\/wp\/v2\/types\/page"}],"author":[{"embeddable":true,"href":"https:\/\/zary.pttk.pl\/index.php?rest_route=\/wp\/v2\/users\/1"}],"replies":[{"embeddable":true,"href":"https:\/\/zary.pttk.pl\/index.php?rest_route=%2Fwp%2Fv2%2Fcomments&post=18"}],"version-history":[{"count":6,"href":"https:\/\/zary.pttk.pl\/index.php?rest_route=\/wp\/v2\/pages\/18\/revisions"}],"predecessor-version":[{"id":69,"href":"https:\/\/zary.pttk.pl\/index.php?rest_route=\/wp\/v2\/pages\/18\/revisions\/69"}],"wp:attachment":[{"href":"https:\/\/zary.pttk.pl\/index.php?rest_route=%2Fwp%2Fv2%2Fmedia&parent=18"}],"curies":[{"name":"wp","href":"https:\/\/api.w.org\/{rel}","templated":true}]}}