{"id":129,"date":"2025-10-13T21:43:32","date_gmt":"2025-10-13T21:43:32","guid":{"rendered":"https:\/\/zary.pttk.pl\/?page_id=129"},"modified":"2025-10-20T09:27:24","modified_gmt":"2025-10-20T09:27:24","slug":"o-nas","status":"publish","type":"page","link":"https:\/\/zary.pttk.pl\/?page_id=129","title":{"rendered":"O nas"},"content":{"rendered":"<p><img loading=\"lazy\" decoding=\"async\" class=\"wp-image-8 alignleft\" src=\"https:\/\/zary.pttk.pl\/wp-content\/uploads\/2025\/10\/cropped-images-300x300.jpeg\" alt=\"\" width=\"124\" height=\"124\" srcset=\"https:\/\/zary.pttk.pl\/wp-content\/uploads\/2025\/10\/cropped-images-300x300.jpeg 300w, https:\/\/zary.pttk.pl\/wp-content\/uploads\/2025\/10\/cropped-images-150x150.jpeg 150w, https:\/\/zary.pttk.pl\/wp-content\/uploads\/2025\/10\/cropped-images-270x270.jpeg 270w, https:\/\/zary.pttk.pl\/wp-content\/uploads\/2025\/10\/cropped-images-192x192.jpeg 192w, https:\/\/zary.pttk.pl\/wp-content\/uploads\/2025\/10\/cropped-images-180x180.jpeg 180w, https:\/\/zary.pttk.pl\/wp-content\/uploads\/2025\/10\/cropped-images-32x32.jpeg 32w, https:\/\/zary.pttk.pl\/wp-content\/uploads\/2025\/10\/cropped-images.jpeg 512w\" sizes=\"auto, (max-width: 124px) 100vw, 124px\" \/><\/p>\n<p><strong>\u00a0 \u00a0 \u00a0 \u00a0 \u00a0 \u00a0 \u00a0<\/strong><\/p>\n<p><strong>\u00a0 \u00a0 \u00a0 \u00a0 \u00a0 \u00a0 Oddzia\u0142 PTTK Powiatu \u017barskiego\u00a0 jest organizatorem kilkudziesi\u0119ciu imprez w ci\u0105gu roku. <\/strong><strong>Wieloletnie do\u015bwiadczenie pozwala nam realizowa\u0107 cele tego przedsi\u0119wzi\u0119cia tzn. popularyzowa\u0107 krajoznawstwo i turystyk\u0119 jako formy aktywnego wypoczynku, propagowa\u0107 kultur\u0119 i zapozna\u0107 m\u0142odzie\u017c z pi\u0119knem ziemi ojczystej, wymienia\u0107 do\u015bwiadczenia i prezentowa\u0107 dokonania w dziedzinie turystyki i krajoznawstwa.\u00a0<\/strong><\/p>\n<p><strong>\u00a0 \u00a0 \u00a0 \u00a0 \u00a0 \u00a0Byli\u015bmy organizatorem imprez og\u00f3lnopolskich takich jak : Centralny Zlot Aktywu Krajoznawczego CZAK, Centralny Zlot Konserwator\u00f3w Zabytk\u00f3w i Spo\u0142ecznych Opiekun\u00f3w Zabytk\u00f3w, Centralny Zlot Laureat\u00f3w Og\u00f3lnopolskiego M\u0142odzie\u017cowego Konkursu Krajoznawczego &#8222;POZNAJEMY OJCOWIZN\u0118&#8221;, Fina\u0142 Centralny Og\u00f3lnopolskiego Turnieju Turystyczno &#8211; Krajoznawczego, Centralny Zlot Turyst\u00f3w Kolarzy, Og\u00f3lnopolski Zlot Turystyki Pieszej oraz coroczne imprezy o zasi\u0119gu regionalnym, kt\u00f3re s\u0105 dofinansowane z Urz\u0119du Marsza\u0142kowskiego i Starostwa Powiatu \u017barskiego.<\/strong><\/p>\n<p><strong>\u00a0 \u00a0 \u00a0 \u00a0 \u00a0 \u00a0Corocznie jeste\u015bmy organizatorami akcji &#8222;Wakacje z PTTK&#8221;, &#8222;Ferie z PTTK &#8211; ob\u00f3z narciarski&#8221;, &#8222;W\u0119drowny ob\u00f3z g\u00f3rski&#8221;. Nasze imprezy zawsze przygotowujemy rzetelnie, wywi\u0105zuj\u0105c si\u0119 z wcze\u015bniejszych obietnic i terminowo je rozliczamy.<\/strong><\/p>\n<p><strong>Je\u017celi chcesz aktywnie i ciekawie oraz mi\u0142o sp\u0119dzi\u0107 czas w naszym towarzystwie serdecznie zapraszamy.<\/strong><\/p>\n<p>&nbsp;<\/p>\n","protected":false},"excerpt":{"rendered":"<p>\u00a0 \u00a0 \u00a0 \u00a0 \u00a0 \u00a0 \u00a0 \u00a0 \u00a0 \u00a0 \u00a0 \u00a0 \u00a0 Oddzia\u0142 PTTK Powiatu \u017barskiego\u00a0 jest organizatorem kilkudziesi\u0119ciu imprez w ci\u0105gu roku. Wieloletnie do\u015bwiadczenie pozwala nam realizowa\u0107 cele tego przedsi\u0119wzi\u0119cia tzn. popularyzowa\u0107 krajoznawstwo i turystyk\u0119 jako formy aktywnego wypoczynku, propagowa\u0107 kultur\u0119 i zapozna\u0107&#8230;<\/p>\n<div class=\"easywp-readmore\"><a class=\"read-more-link\" href=\"https:\/\/zary.pttk.pl\/?page_id=129\">Continue Reading&#8230;<span class=\"easywp-sr-only\">  O nas<\/span><\/a><\/div>\n","protected":false},"author":1,"featured_media":0,"parent":0,"menu_order":0,"comment_status":"closed","ping_status":"closed","template":"","meta":{"footnotes":""},"class_list":["post-129","page","type-page","status-publish","hentry"],"_links":{"self":[{"href":"https:\/\/zary.pttk.pl\/index.php?rest_route=\/wp\/v2\/pages\/129","targetHints":{"allow":["GET"]}}],"collection":[{"href":"https:\/\/zary.pttk.pl\/index.php?rest_route=\/wp\/v2\/pages"}],"about":[{"href":"https:\/\/zary.pttk.pl\/index.php?rest_route=\/wp\/v2\/types\/page"}],"author":[{"embeddable":true,"href":"https:\/\/zary.pttk.pl\/index.php?rest_route=\/wp\/v2\/users\/1"}],"replies":[{"embeddable":true,"href":"https:\/\/zary.pttk.pl\/index.php?rest_route=%2Fwp%2Fv2%2Fcomments&post=129"}],"version-history":[{"count":8,"href":"https:\/\/zary.pttk.pl\/index.php?rest_route=\/wp\/v2\/pages\/129\/revisions"}],"predecessor-version":[{"id":259,"href":"https:\/\/zary.pttk.pl\/index.php?rest_route=\/wp\/v2\/pages\/129\/revisions\/259"}],"wp:attachment":[{"href":"https:\/\/zary.pttk.pl\/index.php?rest_route=%2Fwp%2Fv2%2Fmedia&parent=129"}],"curies":[{"name":"wp","href":"https:\/\/api.w.org\/{rel}","templated":true}]}}